{"id":69,"date":"2024-11-03T12:24:26","date_gmt":"2024-11-03T12:24:26","guid":{"rendered":"https:\/\/eurosalesman.hu\/front-page\/"},"modified":"2025-02-25T15:45:47","modified_gmt":"2025-02-25T15:45:47","slug":"front-page","status":"publish","type":"page","link":"https:\/\/eurosalesman.hu\/hu\/","title":{"rendered":"C\u00edmlap"},"content":{"rendered":"<div data-elementor-type=\"wp-page\" data-elementor-id=\"69\" class=\"elementor elementor-69\" data-elementor-post-type=\"page\">\n\t\t\t\t<div class=\"elementor-element elementor-element-13fe3afd e-con-full e-flex e-con e-parent\" data-id=\"13fe3afd\" data-element_type=\"container\" data-e-type=\"container\" data-settings=\"{&quot;background_background&quot;:&quot;classic&quot;}\">\n\t\t<div class=\"elementor-element elementor-element-4889cd5d e-con-full e-flex e-con e-child\" data-id=\"4889cd5d\" data-element_type=\"container\" data-e-type=\"container\">\n\t\t\t\t<div class=\"elementor-element elementor-element-6f974cd elementor-widget__width-inherit elementor-widget-divider--view-line elementor-invisible elementor-widget elementor-widget-divider\" data-id=\"6f974cd\" data-element_type=\"widget\" data-e-type=\"widget\" data-settings=\"{&quot;_animation&quot;:&quot;fadeInLeft&quot;}\" data-widget_type=\"divider.default\">\n\t\t\t\t<div class=\"elementor-widget-container\">\n\t\t\t\t\t\t\t<div class=\"elementor-divider\">\n\t\t\t<span class=\"elementor-divider-separator\">\n\t\t\t\t\t\t<\/span>\n\t\t<\/div>\n\t\t\t\t\t\t<\/div>\n\t\t\t\t<\/div>\n\t\t\t\t<div class=\"elementor-element elementor-element-40b0b15c elementor-widget__width-initial elementor-widget-tablet__width-inherit elementor-widget elementor-widget-heading\" data-id=\"40b0b15c\" data-element_type=\"widget\" data-e-type=\"widget\" data-widget_type=\"heading.default\">\n\t\t\t\t<div class=\"elementor-widget-container\">\n\t\t\t\t\t<h1 class=\"elementor-heading-title elementor-size-default\">Magyarorsz\u00e1g - Nyissa ki a lehet\u0151s\u00e9geket K\u00f6z\u00e9p-Eur\u00f3pa sz\u00edv\u00e9ben!<\/h1>\t\t\t\t<\/div>\n\t\t\t\t<\/div>\n\t\t\t\t<div class=\"elementor-element elementor-element-2fd51a9b elementor-widget__width-initial elementor-widget-tablet__width-inherit elementor-widget elementor-widget-text-editor\" data-id=\"2fd51a9b\" data-element_type=\"widget\" data-e-type=\"widget\" data-widget_type=\"text-editor.default\">\n\t\t\t\t<div class=\"elementor-widget-container\">\n\t\t\t\t\t\t\t\t\t<p>Magyarorsz\u00e1g strat\u00e9giai elhelyezked\u00e9se, k\u00e9pzett munkaer\u0151 \u00e9s n\u00f6vekv\u0151 gazdas\u00e1ga vonz\u00f3 piacc\u00e1 teszi a K\u00f6z\u00e9p-Eur\u00f3p\u00e1n bel\u00fcl \u00e9s k\u00edv\u00fcl terjeszkedni k\u00edv\u00e1n\u00f3 v\u00e1llalkoz\u00e1sok sz\u00e1m\u00e1ra.<\/p>\t\t\t\t\t\t\t\t<\/div>\n\t\t\t\t<\/div>\n\t\t\t\t<\/div>\n\t\t\t\t<\/div>\n\t\t<div class=\"elementor-element elementor-element-5442e79 e-con-full e-flex e-con e-parent\" data-id=\"5442e79\" data-element_type=\"container\" data-e-type=\"container\">\n\t\t<div class=\"elementor-element elementor-element-047947f e-con-full e-flex e-con e-child\" data-id=\"047947f\" data-element_type=\"container\" data-e-type=\"container\">\n\t\t\t\t<div class=\"elementor-element elementor-element-2cb986f elementor-widget__width-inherit elementor-widget-divider--view-line elementor-invisible elementor-widget elementor-widget-divider\" data-id=\"2cb986f\" data-element_type=\"widget\" data-e-type=\"widget\" data-settings=\"{&quot;_animation&quot;:&quot;fadeInLeft&quot;}\" data-widget_type=\"divider.default\">\n\t\t\t\t<div class=\"elementor-widget-container\">\n\t\t\t\t\t\t\t<div class=\"elementor-divider\">\n\t\t\t<span class=\"elementor-divider-separator\">\n\t\t\t\t\t\t<\/span>\n\t\t<\/div>\n\t\t\t\t\t\t<\/div>\n\t\t\t\t<\/div>\n\t\t\t\t<div class=\"elementor-element elementor-element-b194d13 elementor-widget__width-initial elementor-widget-tablet__width-inherit elementor-widget elementor-widget-heading\" data-id=\"b194d13\" data-element_type=\"widget\" data-e-type=\"widget\" data-widget_type=\"heading.default\">\n\t\t\t\t<div class=\"elementor-widget-container\">\n\t\t\t\t\t<h2 class=\"elementor-heading-title elementor-size-default\">Kiemelt hirdet\u00e9sek<\/h2>\t\t\t\t<\/div>\n\t\t\t\t<\/div>\n\t\t\t\t<div class=\"elementor-element elementor-element-142e9c19 elementor-widget__width-initial elementor-widget-tablet__width-inherit elementor-widget elementor-widget-text-editor\" data-id=\"142e9c19\" data-element_type=\"widget\" data-e-type=\"widget\" data-widget_type=\"text-editor.default\">\n\t\t\t\t<div class=\"elementor-widget-container\">\n\t\t\t\t\t\t\t\t\t<p>Az al\u00e1bbiakban bemutatjuk azokat a v\u00e1llalatokat, amelyek \u00fagy d\u00f6nt\u00f6ttek, hogy Magyarorsz\u00e1gon mutatj\u00e1k be m\u00e1rk\u00e1ikat, kihaszn\u00e1lva az egyed\u00fcl\u00e1ll\u00f3 n\u00f6veked\u00e9si potenci\u00e1lt \u00e9s a strat\u00e9giai el\u0151ny\u00f6ket, amelyeket ez az \u00e9l\u00e9nk piac k\u00edn\u00e1l.<\/p>\t\t\t\t\t\t\t\t<\/div>\n\t\t\t\t<\/div>\n\t\t\t\t<\/div>\n\t\t<div class=\"elementor-element elementor-element-50d2032 e-con-full e-flex e-con e-child\" data-id=\"50d2032\" data-element_type=\"container\" data-e-type=\"container\">\n\t\t\t\t<div class=\"elementor-element elementor-element-6fa55e9 elementor-widget__width-inherit elementor-widget elementor-widget-shortcode\" data-id=\"6fa55e9\" data-element_type=\"widget\" data-e-type=\"widget\" data-widget_type=\"shortcode.default\">\n\t\t\t\t<div class=\"elementor-widget-container\">\n\t\t\t\t\t\t\t<div class=\"elementor-shortcode\"><div class=\"myplugin-site-posts-filter\"><form method=\"get\" action=\"\"><label for=\"category-filter\">Sz\u0171r\u00e9s kateg\u00f3ria szerint:<\/label> <select id=\"category-filter\" name=\"category\" onchange=\"this.form.submit()\"><option value=\"\">Minden kateg\u00f3ria<\/option><option value=\"professional-services\" >Szakmai szolg\u00e1ltat\u00e1sok<\/option><option value=\"technology-innovation\" >Technol\u00f3gia \u00e9s innov\u00e1ci\u00f3<\/option><option value=\"retail-e-commerce\" >Kiskereskedelem \u00e9s E-kereskedelem<\/option><option value=\"health-wellness\" >Eg\u00e9szs\u00e9g \u00e9s wellness<\/option><option value=\"construction-real-estate\" >\u00c9p\u00edt\u0151ipar \u00e9s ingatlanok<\/option><option value=\"finance-insurance\" >P\u00e9nz\u00fcgyek \u00e9s biztos\u00edt\u00e1s<\/option><option value=\"education-training\" >Oktat\u00e1s \u00e9s k\u00e9pz\u00e9s<\/option><option value=\"logistics-manufacturing\" >Logisztika \u00e9s gy\u00e1rt\u00e1s<\/option><\/select><input type=\"hidden\" name=\"trp-form-language\" value=\"hu\"\/><\/form><\/div><div class=\"myplugin-site-posts\"><p>Nincs hozz\u00e1sz\u00f3l\u00e1s ebben a kateg\u00f3ri\u00e1ban.<\/p><\/div><\/div>\n\t\t\t\t\t\t<\/div>\n\t\t\t\t<\/div>\n\t\t\t\t<\/div>\n\t\t\t\t<\/div>\n\t\t<div class=\"elementor-element elementor-element-1d0e29b7 e-con-full e-flex e-con e-parent\" data-id=\"1d0e29b7\" data-element_type=\"container\" data-e-type=\"container\" data-settings=\"{&quot;background_background&quot;:&quot;classic&quot;}\">\n\t\t<div class=\"elementor-element elementor-element-69df4861 e-con-full e-flex e-con e-child\" data-id=\"69df4861\" data-element_type=\"container\" data-e-type=\"container\">\n\t\t\t\t<div class=\"elementor-element elementor-element-5ceb7117 elementor-invisible elementor-widget elementor-widget-heading\" data-id=\"5ceb7117\" data-element_type=\"widget\" data-e-type=\"widget\" data-settings=\"{&quot;_animation&quot;:&quot;fadeIn&quot;}\" data-widget_type=\"heading.default\">\n\t\t\t\t<div class=\"elementor-widget-container\">\n\t\t\t\t\t<h2 class=\"elementor-heading-title elementor-size-default\">Szeretn\u00e9 fellend\u00edteni v\u00e1llalkoz\u00e1s\u00e1t m\u00e9g ma?<\/h2>\t\t\t\t<\/div>\n\t\t\t\t<\/div>\n\t\t\t\t<div class=\"elementor-element elementor-element-4ba88f8 elementor-widget elementor-widget-text-editor\" data-id=\"4ba88f8\" data-element_type=\"widget\" data-e-type=\"widget\" data-settings=\"{&quot;_animation&quot;:&quot;none&quot;}\" data-widget_type=\"text-editor.default\">\n\t\t\t\t<div class=\"elementor-widget-container\">\n\t\t\t\t\t\t\t\t\t<p>Vegye fel vel\u00fcnk m\u00e9g ma a kapcsolatot, hogy t\u00f6bbet tudjon meg arr\u00f3l, hogyan seg\u00edthet\u00fcnk \u00d6nnek marketingc\u00e9ljai pontos \u00e9s magabiztos el\u00e9r\u00e9s\u00e9ben.<\/p>\t\t\t\t\t\t\t\t<\/div>\n\t\t\t\t<\/div>\n\t\t\t\t<div class=\"elementor-element elementor-element-705de85b elementor-align-justify elementor-widget__width-initial elementor-widget elementor-widget-button\" data-id=\"705de85b\" data-element_type=\"widget\" data-e-type=\"widget\" data-widget_type=\"button.default\">\n\t\t\t\t<div class=\"elementor-widget-container\">\n\t\t\t\t\t\t\t\t\t<div class=\"elementor-button-wrapper\">\n\t\t\t\t\t<a class=\"elementor-button elementor-size-sm\" role=\"button\">\n\t\t\t\t\t\t<span class=\"elementor-button-content-wrapper\">\n\t\t\t\t\t\t\t\t\t<span class=\"elementor-button-text\">kapcsolatfelv\u00e9tel<\/span>\n\t\t\t\t\t<\/span>\n\t\t\t\t\t<\/a>\n\t\t\t\t<\/div>\n\t\t\t\t\t\t\t\t<\/div>\n\t\t\t\t<\/div>\n\t\t\t\t<\/div>\n\t\t<div class=\"elementor-element elementor-element-3d26a195 e-con-full e-flex e-con e-child\" data-id=\"3d26a195\" data-element_type=\"container\" data-e-type=\"container\" data-settings=\"{&quot;background_background&quot;:&quot;classic&quot;}\">\n\t\t\t\t<\/div>\n\t\t\t\t<\/div>\n\t\t\t\t<\/div>","protected":false},"excerpt":{"rendered":"<p>Magyarorsz\u00e1g - Nyissa ki a lehet\u0151s\u00e9geket K\u00f6z\u00e9p-Eur\u00f3pa sz\u00edv\u00e9ben! Magyarorsz\u00e1g strat\u00e9giai elhelyezked\u00e9se, k\u00e9pzett munkaer\u0151 \u00e9s n\u00f6vekv\u0151 gazdas\u00e1ga vonz\u00f3 piacc\u00e1 teszi a K\u00f6z\u00e9p-Eur\u00f3p\u00e1n bel\u00fcl \u00e9s k\u00edv\u00fcl terjeszkedni k\u00edv\u00e1n\u00f3 v\u00e1llalkoz\u00e1sok sz\u00e1m\u00e1ra. Kiemelt hirdet\u00e9sek Az al\u00e1bbiakban azokat a v\u00e1llalatokat mutatjuk be, amelyek \u00fagy d\u00f6nt\u00f6ttek, hogy Magyarorsz\u00e1gon mutatj\u00e1k be m\u00e1rk\u00e1ikat, kihaszn\u00e1lva az egyed\u00fcl\u00e1ll\u00f3 n\u00f6veked\u00e9si potenci\u00e1lt \u00e9s [...]<\/p>","protected":false},"author":3,"featured_media":0,"parent":0,"menu_order":0,"comment_status":"closed","ping_status":"closed","template":"elementor_header_footer","meta":{"footnotes":""},"class_list":["post-69","page","type-page","status-publish","hentry"],"_links":{"self":[{"href":"https:\/\/eurosalesman.hu\/hu\/wp-json\/wp\/v2\/pages\/69","targetHints":{"allow":["GET"]}}],"collection":[{"href":"https:\/\/eurosalesman.hu\/hu\/wp-json\/wp\/v2\/pages"}],"about":[{"href":"https:\/\/eurosalesman.hu\/hu\/wp-json\/wp\/v2\/types\/page"}],"author":[{"embeddable":true,"href":"https:\/\/eurosalesman.hu\/hu\/wp-json\/wp\/v2\/users\/3"}],"replies":[{"embeddable":true,"href":"https:\/\/eurosalesman.hu\/hu\/wp-json\/wp\/v2\/comments?post=69"}],"version-history":[{"count":13,"href":"https:\/\/eurosalesman.hu\/hu\/wp-json\/wp\/v2\/pages\/69\/revisions"}],"predecessor-version":[{"id":144,"href":"https:\/\/eurosalesman.hu\/hu\/wp-json\/wp\/v2\/pages\/69\/revisions\/144"}],"wp:attachment":[{"href":"https:\/\/eurosalesman.hu\/hu\/wp-json\/wp\/v2\/media?parent=69"}],"curies":[{"name":"wp","href":"https:\/\/api.w.org\/{rel}","templated":true}]}}